{"id":114,"date":"2019-12-12T21:23:08","date_gmt":"2019-12-12T21:23:08","guid":{"rendered":"https:\/\/grelis.de\/Leubringenberg\/?post_type=product&#038;p=114"},"modified":"2023-11-30T14:08:49","modified_gmt":"2023-11-30T14:08:49","slug":"ziegenfrischkaese","status":"publish","type":"product","link":"https:\/\/grelis.de\/Leubringenberg\/index.php\/produkt\/ziegenfrischkaese\/","title":{"rendered":"15 kg Rindfleisch Naturabeef ca.1\/8 Rind &#8211; 29 FR pro KG"},"content":{"rendered":"<p style=\"text-align: left;\">Termin: Am 24.01.2024<\/p>\n<p>29.-\/Kg Ein Mischpaket enth\u00e4lt ca. 15kg und besteht aus:<\/p>\n<ul>\n<li>Filet, Entrecote, Saftpl\u00e4tzli, Hackfleisch, Hohr\u00fccken, Braten, Ragout, Grillsteak, Siedfleisch, Haxen, Huft, Geschnetzeltes, Beef-Burger<\/li>\n<\/ul>\n<p>Das Verh\u00e4ltnis ist abh\u00e4ngig von der Fleischausbeute. (Bestellte Menge \/ Gewicht des Fleisches Gesamt * gewonnene Art des Fleisch z.B. Braten )<\/p>\n<ul>\n<li>Beispiel: Wenn ein Tier 100 kg Fleisch gibt und davon 3 KG Entrec\u00f4te gewonnen werden, werden 450 Gramm Entrecote ausgeliefert.<br \/>\nHier der Rechenweg: 15 kg \/ 100 kg * 3 kg<\/li>\n<\/ul>\n<p>Es handelt sich um ein Naturprodukt. Die Menge k\u00f6nnen um bis zu 10 % h\u00f6her oder niedriger ausfallen.<br \/>\nAbgerechnet wird nach Gewicht. 1 KG &#8211; 29 FR. Es wird nat\u00fcrlich nur das bezahlt was auch geliefert wird.<\/p>\n","protected":false},"excerpt":{"rendered":"<p>Termin: Am 24.01.2024 29.-\/Kg Ein Mischpaket enth\u00e4lt ca. 15kg und besteht aus: Filet, Entrecote, Saftpl\u00e4tzli, Hackfleisch, Hohr\u00fccken, Braten, Ragout, Grillsteak, Siedfleisch, Haxen, Huft, Geschnetzeltes, Beef-Burger Das Verh\u00e4ltnis ist abh\u00e4ngig von der Fleischausbeute. (Bestellte Menge \/ Gewicht des Fleisches Gesamt * gewonnene Art des Fleisch z.B. Braten ) Beispiel: Wenn ein Tier 100 kg Fleisch gibt [&hellip;]<\/p>\n","protected":false},"featured_media":210,"comment_status":"open","ping_status":"closed","template":"","meta":{"advanced_seo_description":"","spay_email":""},"product_cat":[217,218,219,226],"product_tag":[214,227,84],"_links":{"self":[{"href":"https:\/\/grelis.de\/Leubringenberg\/index.php\/wp-json\/wp\/v2\/product\/114"}],"collection":[{"href":"https:\/\/grelis.de\/Leubringenberg\/index.php\/wp-json\/wp\/v2\/product"}],"about":[{"href":"https:\/\/grelis.de\/Leubringenberg\/index.php\/wp-json\/wp\/v2\/types\/product"}],"replies":[{"embeddable":true,"href":"https:\/\/grelis.de\/Leubringenberg\/index.php\/wp-json\/wp\/v2\/comments?post=114"}],"wp:featuredmedia":[{"embeddable":true,"href":"https:\/\/grelis.de\/Leubringenberg\/index.php\/wp-json\/wp\/v2\/media\/210"}],"wp:attachment":[{"href":"https:\/\/grelis.de\/Leubringenberg\/index.php\/wp-json\/wp\/v2\/media?parent=114"}],"wp:term":[{"taxonomy":"product_cat","embeddable":true,"href":"https:\/\/grelis.de\/Leubringenberg\/index.php\/wp-json\/wp\/v2\/product_cat?post=114"},{"taxonomy":"product_tag","embeddable":true,"href":"https:\/\/grelis.de\/Leubringenberg\/index.php\/wp-json\/wp\/v2\/product_tag?post=114"}],"curies":[{"name":"wp","href":"https:\/\/api.w.org\/{rel}","templated":true}]}}