{"id":1388,"date":"2019-12-12T21:23:08","date_gmt":"2019-12-12T21:23:08","guid":{"rendered":"https:\/\/grelis.de\/Leubringenberg\/index.php\/produkt\/januar-2021-5-kg-rindfleisch-naturabeef-ca-1-32-rind-30-fr-pro-kg-2\/"},"modified":"2023-11-30T14:10:36","modified_gmt":"2023-11-30T14:10:36","slug":"10kg","status":"publish","type":"product","link":"https:\/\/grelis.de\/Leubringenberg\/index.php\/produkt\/10kg\/","title":{"rendered":"10 kg Rindfleisch Naturabeef ca.1\/16 Rind &#8211; 30 FR pro KG"},"content":{"rendered":"<p>Termin: 24.01.2024<\/p>\n<p>30.-\/Kg Ein Mischpaket enth\u00e4lt ca. 10 kg und besteht aus:<\/p>\n<ul>\n<li>Entrecote, Saftpl\u00e4tzli, Hackfleisch, Hohr\u00fccken, Braten, Ragout, Grillsteak, Siedfleisch, Haxen, Huft, Geschnetzeltes, Beef-Burger<\/li>\n<\/ul>\n<p>Das Verh\u00e4ltnis ist abh\u00e4ngig von der Fleischausbeute. (Bestellte Menge \/ Gewicht des Fleisches Gesamt * gewonnene Art des Fleisch z.B. Braten )<\/p>\n<ul>\n<li>Beispiel: Wenn ein Tier 100 kg Fleisch gibt und davon 3 KG Entrec\u00f4te gewonnen werden, werden 300 Gramm Entrecote ausgeliefert.<br \/>\nHier der Rechenweg: 10 kg \/\u00a0 100 kg * 3kg<\/li>\n<\/ul>\n<p>Es handelt sich um ein Naturprodukt. Die Menge k\u00f6nnen um bis zu 10 % h\u00f6her oder niedriger ausfallen.<br \/>\nAbgerechnet wird nach Gewicht. 1 KG &#8211; 30 FR. Es wird nat\u00fcrlich nur das bezahlt was auch geliefert wird.<\/p>\n","protected":false},"excerpt":{"rendered":"<p>Termin: 24.01.2024 30.-\/Kg Ein Mischpaket enth\u00e4lt ca. 10 kg und besteht aus: Entrecote, Saftpl\u00e4tzli, Hackfleisch, Hohr\u00fccken, Braten, Ragout, Grillsteak, Siedfleisch, Haxen, Huft, Geschnetzeltes, Beef-Burger Das Verh\u00e4ltnis ist abh\u00e4ngig von der Fleischausbeute. (Bestellte Menge \/ Gewicht des Fleisches Gesamt * gewonnene Art des Fleisch z.B. Braten ) Beispiel: Wenn ein Tier 100 kg Fleisch gibt und [&hellip;]<\/p>\n","protected":false},"featured_media":210,"comment_status":"open","ping_status":"closed","template":"","meta":{"advanced_seo_description":"","spay_email":""},"product_cat":[217,218,219,226],"product_tag":[227,84],"_links":{"self":[{"href":"https:\/\/grelis.de\/Leubringenberg\/index.php\/wp-json\/wp\/v2\/product\/1388"}],"collection":[{"href":"https:\/\/grelis.de\/Leubringenberg\/index.php\/wp-json\/wp\/v2\/product"}],"about":[{"href":"https:\/\/grelis.de\/Leubringenberg\/index.php\/wp-json\/wp\/v2\/types\/product"}],"replies":[{"embeddable":true,"href":"https:\/\/grelis.de\/Leubringenberg\/index.php\/wp-json\/wp\/v2\/comments?post=1388"}],"wp:featuredmedia":[{"embeddable":true,"href":"https:\/\/grelis.de\/Leubringenberg\/index.php\/wp-json\/wp\/v2\/media\/210"}],"wp:attachment":[{"href":"https:\/\/grelis.de\/Leubringenberg\/index.php\/wp-json\/wp\/v2\/media?parent=1388"}],"wp:term":[{"taxonomy":"product_cat","embeddable":true,"href":"https:\/\/grelis.de\/Leubringenberg\/index.php\/wp-json\/wp\/v2\/product_cat?post=1388"},{"taxonomy":"product_tag","embeddable":true,"href":"https:\/\/grelis.de\/Leubringenberg\/index.php\/wp-json\/wp\/v2\/product_tag?post=1388"}],"curies":[{"name":"wp","href":"https:\/\/api.w.org\/{rel}","templated":true}]}}